{"id":416,"date":"2021-02-01T15:59:07","date_gmt":"2021-02-01T14:59:07","guid":{"rendered":"https:\/\/goldbach-financial.com\/privacy\/"},"modified":"2024-06-12T10:23:52","modified_gmt":"2024-06-12T08:23:52","slug":"privacy","status":"publish","type":"page","link":"https:\/\/goldbach-financial.com\/en\/privacy\/","title":{"rendered":"Datenschutz"},"content":{"rendered":"<p>Datenschutz hat f\u00fcr uns einen hohen Stellenwert. Die Verarbeitung personenbezogener Daten, bspw. des Namens, der Anschrift, E-Mail-Adresse oder Telefonnummer, erfolgt stets im Einklang mit den gesetzlichen Vorgaben der Datenschutzgrundverordnung und in \u00dcbereinstimmung mit den f\u00fcr uns geltenden gesetzlichen, landesspezifischen Datenschutzbestimmungen. Mittels dieser Datenschutzerkl\u00e4rung informieren wir \u00fcber Art, Umfang und Zweck der von uns erhobenen, genutzten und verarbeiteten personenbezogenen Daten.<br \/>\nWir merken an, dass trotz h\u00f6chster Sicherheitsvorkehrungen unsererseits bei einer internetbasierten Daten\u00fcbertragung Sicherheitsl\u00fccken vorhanden sein k\u00f6nnen. Einen vollst\u00e4ndigen Schutz k\u00f6nnen auch wir nicht gew\u00e4hrleisten.<\/p>\n<h3>1. Name und Kontakt des f\u00fcr die Verarbeitung Verantwortlichen<\/h3>\n<p>Verantwortlicher im Sinne der Datenschutzgrundverordnung ist<\/p>\n<p>goldbach financial GmbH<br \/>\nSeligenst\u00e4dter Stra\u00dfe 100<br \/>\n63791 Karlstein<br \/>\nTelefon +49 (0) 6188 30630 \u2013 0<\/p>\n<p>Unser betrieblicher Datenschutzbeauftragter ist unter der o.g. Anschrift, z.Hd. Abteilung Datenschutz oder per<br \/>\nE-Mail: datenschutzbeauftragter@goldbach-financial.com f\u00fcr Sie erreichbar.<br \/>\nAlternativ wenden Sie sich an unser Datenschutzteam unter datenschutz@goldbach-financial.com<\/p>\n<h3>2. Erfassung von allgemeinen Daten, Weitergabe von Daten<\/h3>\n<p>Unsere Internetseite erfasst mit ihrem Aufruf allgemeine Daten und Informationen. Diese allgemeinen Daten und Informationen werden in den Logfiles des Servers gespeichert. Erfasst werden k\u00f6nnen hierbei<\/p>\n<ul class=\"list-custom\">\n<li>der verwendete Browsertyp und Version,<\/li>\n<li>das vom zugreifenden System verwendete Betriebssystem,<\/li>\n<li>die Internetseite, von welcher ein zugreifendes System auf unsere Internetseite gelangt,<\/li>\n<li>das Datum und die Uhrzeit eines Zugriffs auf unsere Internetseite,<\/li>\n<li>die IP-Adresse,<\/li>\n<li>der Internet-Service-Provider des zugreifenden Systems<\/li>\n<li>sonstige Daten und Informationen, die der Gefahrenabwehr im Falle von Angriffen auf unsere informationstechnologischen Systeme dienen.<\/li>\n<\/ul>\n<p>Bei der Nutzung dieser allgemeinen Daten und Informationen ziehen wir keine R\u00fcckschl\u00fcsse auf die betroffene Person. Diese Informationen werden vielmehr ben\u00f6tigt, um die Inhalte unserer Internetseite korrekt auszuliefern, deren Inhalte sowie die Werbung f\u00fcr diese zu optimieren, die dauerhafte Funktionsf\u00e4higkeit unserer IT-Systeme und der Technik unserer Internetseite zu gew\u00e4hrleisten, sowie um Strafverfolgungsbeh\u00f6rden im Falle eines Cyberangriffes die zur Strafverfolgung notwendigen Informationen bereitzustellen.<\/p>\n<p>Diese anonym erhobenen Daten und Informationen werden von uns statistisch und ferner mit dem Ziel ausgewertet, den Datenschutz und die Datensicherheit in unserem Unternehmen zu erh\u00f6hen, um letztlich ein optimales Schutzniveau f\u00fcr die von uns verarbeiteten personenbezogenen Daten sicherzustellen. Die anonymen Daten der Server-Logfiles werden getrennt von allen durch eine betroffene Person angegebenen personenbezogenen Daten gespeichert.<br \/>\nEine \u00dcbermittlung Ihrer personenbezogenen Daten an Dritte zu anderen als den im Folgenden aufgef\u00fchrten Zwecken findet nicht statt.<\/p>\n<p>Wir geben Ihre pers\u00f6nlichen Daten nur an Dritte weiter, wenn:<\/p>\n<ul class=\"list-custom\">\n<li>Sie Ihre ausdr\u00fcckliche Einwilligung dazu erteilt haben (vgl. Art. 6 Abs. 1 S. 1 lit. a DSGVO),<\/li>\n<li>die Weitergabe zur Geltendmachung, Aus\u00fcbung oder Verteidigung von Rechtsanspr\u00fcchen erforderlich ist und kein Grund zur Annahme besteht, dass Sie ein \u00fcberwiegendes schutzw\u00fcrdiges Interesse an der Nichtweitergabe Ihrer Daten haben (vgl. Art. 6 Abs. 1 S. 1 lit. f DSGVO),<\/li>\n<li>f\u00fcr den Fall, dass f\u00fcr die Weitergabe eine gesetzliche Verpflichtung besteht (vgl. nach Art. 6 Abs. 1 S. 1 lit. c DSGVO),<\/li>\n<li>die Weitergabe gesetzlich zul\u00e4ssig und f\u00fcr die Abwicklung von Vertragsverh\u00e4ltnissen mit Ihnen erforderlich ist (vgl. Art. 6 Abs. 1 S. 1 lit. b DSGVO).<\/li>\n<\/ul>\n<h3>3. Cookies<\/h3>\n<p>Cookies sind Textdateien, welche \u00fcber einen Internetbrowser auf einem Computersystem abgelegt und gespeichert werden.<br \/>\nZahlreiche Internetseiten und Server verwenden Cookies. Viele Cookies enthalten eine sogenannte Cookie-ID. Eine Cookie-ID ist eine eindeutige Kennung des Cookies. Sie besteht aus einer Zeichenfolge, durch welche Internetseiten und Server dem konkreten Internetbrowser zugeordnet werden k\u00f6nnen, in dem das Cookie gespeichert wurde. Dies erm\u00f6glicht es den besuchten Internetseiten und Servern, den individuellen Browser der betroffenen Person von anderen Internetbrowsern, die andere Cookies enthalten, zu unterscheiden. Ein bestimmter Internetbrowser kann \u00fcber die eindeutige Cookie-ID wiedererkannt und identifiziert werden.<\/p>\n<p>Auf dieser Website wird ein Cookie gesetzt (wp-wpml_current_language) dieser ist technisch notwendig und wird von unserem WPML-Plugin ben\u00f6tigt, um die bevorzugte Sprache des Benutzers zu identifizieren, da unsere Website mehrsprachig ist.<\/p>\n<h3>4. Registrierung und Kontaktaufnahme auf unserer Internetseite<\/h3>\n<p>Sie haben die M\u00f6glichkeit sich auf unserer Internetseite unter Angabe von personenbezogenen Daten zu registrieren oder mit uns in Kontakt zu treten. Welche personenbezogenen Daten dabei an uns \u00fcbermittelt werden, ergibt sich aus der jeweiligen Eingabemaske, die Sie f\u00fcr die Registrierung verwenden (z.B. im Kontaktformular). Die von Ihnen hierbei eingegebenen personenbezogenen Daten werden ausschlie\u00dflich f\u00fcr unsere eigenen Zwecke erhoben und gespeichert. Wir k\u00f6nnen die Weitergabe an einen oder mehrere Auftragsverarbeiter, bspw. Transportunternehmen, veranlassen, der die Daten wiederum ausschlie\u00dflich f\u00fcr seine interne Verwendung nutzen darf und nutzt.<br \/>\nDurch eine Registrierung auf unserer Internetseite wird die an Sie vergebene IP-Adresse, das Datum sowie die Uhrzeit der Registrierung gespeichert. Die Speicherung dieser Daten erfolgt vor dem Hintergrund, dass nur so ein Missbrauch verhindert werden kann. Insofern ist die Speicherung dieser Daten zur Absicherung f\u00fcr beide Seiten erforderlich. Eine Weitergabe dieser Daten an Dritte erfolgt grunds\u00e4tzlich nicht, sofern keine gesetzliche Pflicht zur Weitergabe besteht oder die Weitergabe der Strafverfolgung dient.<\/p>\n<p>Die Registrierung der betroffenen Person unter freiwilliger Angabe personenbezogener Daten dient dem f\u00fcr die Verarbeitung Verantwortlichen dazu, der betroffenen Person Inhalte oder Leistungen anzubieten, die aufgrund der Natur der Sache nur registrierten Benutzern angeboten werden k\u00f6nnen. Registrierten Personen steht die M\u00f6glichkeit frei, die bei der Registrierung angegebenen personenbezogenen Daten jederzeit abzu\u00e4ndern oder vollst\u00e4ndig aus unserem Datenbestand l\u00f6schen zu lassen.<br \/>\nWir erteilen jeder betroffenen Person jederzeit auf Anfrage Auskunft dar\u00fcber, welche personenbezogenen Daten \u00fcber die betroffene Person gespeichert sind. Ferner berichtigen oder l\u00f6schen wir personenbezogene Daten auf Wunsch oder Hinweis der betroffenen Person, soweit dem keine gesetzlichen Aufbewahrungspflichten entgegenstehen. Unsere Kontaktinformationen f\u00fcr Ihre diesbez\u00fcglich Nachricht finden Sie unter Ziffer 1. dieser Erkl\u00e4rung.<br \/>\nSofern Sie per E-Mail oder \u00fcber das Kontaktformular mit uns in Kontakt treten, werden die von Ihnen hierbei \u00fcbermittelten personenbezogenen Daten automatisch gespeichert. Solche auf freiwilliger Basis von Ihnen an uns \u00fcbermittelten personenbezogenen Daten werden f\u00fcr Zwecke der Bearbeitung oder der Kontaktaufnahme zur betroffenen Person gespeichert. Es erfolgt keine Weitergabe dieser personenbezogenen Daten an Dritte.<\/p>\n<h3>5. Login Bereich f\u00fcr Kunden<\/h3>\n<p>Der Login Bereich f\u00fcr unsere Kunden ist per Browser und SSL verschl\u00fcsselt erreichbar.<br \/>\nDie Daten werden anonymisiert in Datenbanken gespeichert und erst individuell bei Abruf durch den verschl\u00fcsselten Transportweg des Browsers\u00a0in ein lesbares Format zusammengestellt.\u00a0Sensible Daten, wie Passw\u00f6rter etc., werden \u00fcber einen langen zus\u00e4tzlichen individuell generierten Hash-Wert verschl\u00fcsselt abgelegt.\u00a0Die technisch-organisatorischen Ma\u00dfnahmen der Rechenzentren finden Sie hier: \u00a0<a href=\"https:\/\/www.df.eu\/fileadmin\/user_upload\/Domainfactory_TOM_V1.1.pdf\">https:\/\/www.df.eu\/fileadmin\/user_upload\/Domainfactory_TOM_V1.1.pdf<\/a><\/p>\n<h3>6. Routinem\u00e4\u00dfige L\u00f6schung und Sperrung von personenbezogenen Daten<\/h3>\n<p>Wir verarbeiten und speichern personenbezogene Daten nur f\u00fcr den Zeitraum, der zur Erreichung des verfolgten Speicherungszwecks erforderlich ist oder sofern dies durch den Gesetzgeber in den f\u00fcr uns einschl\u00e4gigen Gesetzen oder Vorschriften vorgeschrieben ist.<br \/>\nEntf\u00e4llt der Speicherungszweck oder l\u00e4uft eine gesetzlich vorgeschriebene Speicherfrist ab, werden die personenbezogenen Daten entsprechend den gesetzlichen Vorschriften gesperrt oder gel\u00f6scht.<\/p>\n<h3>7. Rechte der betroffenen Personen<\/h3>\n<p>Betroffene Personen im Sinne des Datenschutzrechts haben das Recht<\/p>\n<ul class=\"list-custom\">\n<li>gem\u00e4\u00df Art. 15 DSGVO Auskunft \u00fcber Ihre von uns verarbeiteten personenbezogenen Daten zu verlangen. Insbesondere k\u00f6nnen Sie Auskunft \u00fcber die Verarbeitungszwecke, die Kategorie der personenbezogenen Daten, die Kategorien von Empf\u00e4ngern, gegen\u00fcber denen Ihre Daten offengelegt wurden oder werden, die geplante Speicherdauer, das Bestehen eines Rechts auf Berichtigung, L\u00f6schung, Einschr\u00e4nkung der Verarbeitung oder Widerspruch, das Bestehen eines Beschwerderechts, die Herkunft ihrer Daten, sofern diese nicht bei uns erhoben wurden, sowie \u00fcber das Bestehen einer automatisierten Entscheidungsfindung einschlie\u00dflich Profiling und ggf. aussagekr\u00e4ftigen Informationen zu deren Einzelheiten verlangen;<br \/>\nWir weisen zudem darauf hin, dass die Datenkopie (nach Art. 15 DS-GVO) zum Schutz Ihrer Daten vor dem unberechtigten Zugriff Dritter postalisch \u00fcbermittelt wird.<\/li>\n<li>gem\u00e4\u00df Art. 16 DSGVO unverz\u00fcglich die Berichtigung unrichtiger oder Vervollst\u00e4ndigung Ihrer bei uns gespeicherten personenbezogenen Daten zu verlangen;<\/li>\n<li>gem\u00e4\u00df Art. 17 DSGVO die L\u00f6schung (Recht auf Vergessen werden) Ihrer bei uns gespeicherten personenbezogenen Daten zu verlangen, soweit nicht die Verarbeitung zur Aus\u00fcbung des Rechts auf freie Meinungs\u00e4u\u00dferung und Information, zur Erf\u00fcllung einer rechtlichen Verpflichtung, aus Gr\u00fcnden des \u00f6ffentlichen Interesses oder zur Geltendmachung, Aus\u00fcbung oder Verteidigung von Rechtsanspr\u00fcchen erforderlich ist;<\/li>\n<li>gem\u00e4\u00df Art. 18 DSGVO die Einschr\u00e4nkung der Verarbeitung Ihrer personenbezogenen Daten zu verlangen, soweit die Richtigkeit der Daten von Ihnen bestritten wird, die Verarbeitung unrechtm\u00e4\u00dfig ist, Sie aber deren L\u00f6schung ablehnen und wir die Daten nicht mehr ben\u00f6tigen, Sie jedoch diese zur Geltendmachung, Aus\u00fcbung oder Verteidigung von Rechtsanspr\u00fcchen ben\u00f6tigen oder Sie gem\u00e4\u00df Art. 21 DSGVO Widerspruch gegen die Verarbeitung eingelegt haben;<\/li>\n<li>gem\u00e4\u00df Art. 20 DSGVO Ihre personenbezogenen Daten, die Sie uns bereitgestellt haben, in einem strukturierten, g\u00e4ngigen und maschinenlesebaren Format zu erhalten oder die \u00dcbermittlung an einen anderen Verantwortlichen zu verlangen;<\/li>\n<li>gem\u00e4\u00df Art. 7 Abs. 3 DSGVO Ihre einmal erteilte Einwilligung jederzeit gegen\u00fcber uns zu widerrufen. Dies hat zur Folge, dass wir die Datenverarbeitung, die auf dieser Einwilligung beruhte, f\u00fcr die Zukunft nicht mehr fortf\u00fchren;<\/li>\n<li>sofern Ihre personenbezogenen Daten von uns auf Grundlage von berechtigten Interessen gem\u00e4\u00df Art. 6 Abs. 1 S. 1 lit. f DSGVO verarbeitet werden, gem\u00e4\u00df Art. 21 DSGVO Widerspruch gegen die Verarbeitung Ihrer personenbezogenen Daten einzulegen, soweit daf\u00fcr Gr\u00fcnde vorliegen, die sich aus Ihrer besonderen Situation ergeben oder sich der Widerspruch gegen Direktwerbung richtet. Im letzteren Fall haben Sie ein generelles Widerspruchsrecht, das ohne Angabe einer besonderen Situation von uns umgesetzt wird. Hierf\u00fcr reicht eine Email an die unter Ziffer 1. dieser Erkl\u00e4rung genannte Email-Adresse;<\/li>\n<li>gem\u00e4\u00df Art. 77 DSGVO sich bei einer Aufsichtsbeh\u00f6rde zu beschweren, unbeschadet eines anderweitigen verwaltungsrechtlichen oder gerichtlichen Rechtsbehelfs. In der Regel k\u00f6nnen Sie sich hierf\u00fcr an die Aufsichtsbeh\u00f6rde Ihres \u00fcblichen Aufenthaltsortes wenden.<\/li>\n<\/ul>\n<h3>8. Datensicherheit<\/h3>\n<p>Wir verwenden das verbreitete SSL-Verfahren (Secure Socket Layer) in Verbindung mit der jeweils h\u00f6chsten Verschl\u00fcsselungsstufe, die von Ihrem Browser unterst\u00fctzt wird. Ob eine einzelne Seite unseres Internetauftrittes verschl\u00fcsselt \u00fcbertragen wird, erkennen Sie an der geschlossenen Darstellung des Sch\u00fcssel- beziehungsweise Schloss-Symbols in der unteren Statusleiste Ihres Browsers.<br \/>\nWir bedienen uns zudem geeigneter technischer und organisatorischer Sicherheitsma\u00dfnahmen, um Ihre Daten gegen Manipulationen, Missbrauch, teilweisen oder vollst\u00e4ndigen Verlust, oder gegen den unbefugten Zugriff Dritter zu sch\u00fctzen. Unsere Sicherheitsma\u00dfnahmen werden entsprechend der technologischen Entwicklung fortlaufend aktualisiert.<\/p>\n<h3>9. Rechtsgrundlage der Verarbeitung<\/h3>\n<p>Art. 6 I lit. a DSGVO dient uns als Rechtsgrundlage f\u00fcr Verarbeitungsvorg\u00e4nge, bei denen wir eine Einwilligung f\u00fcr einen bestimmten Verarbeitungszweck einholen.<br \/>\nIst die Verarbeitung personenbezogener Daten zur Erf\u00fcllung eines Vertrags, dessen Vertragspartei die betroffene Person ist, erforderlich, wie dies beispielsweise bei Verarbeitungsvorg\u00e4ngen der Fall ist, die f\u00fcr die Abwicklung einer Warenbestellung notwendig sind, so beruht die Verarbeitung auf Art. 6 I lit. b DSGVO. Gleiches gilt f\u00fcr solche Verarbeitungsvorg\u00e4nge die zur Durchf\u00fchrung von Ma\u00dfnahmen erforderlich sind, etwa in F\u00e4llen von Interessentenanfragen zu unseren Produkten, Angeboten oder Dienstleistungen.<br \/>\nUnterliegt wir einer rechtlichen Verpflichtung, durch welche eine Verarbeitung von personenbezogenen Daten erforderlich ist, wie bspw. zur Erf\u00fcllung steuerlicher Pflichten, so basiert die Verarbeitung auf Art. 6 I lit. c DSGVO. Bei von uns eingesetzten Tracking-Ma\u00dfnahmen auf unserer Internetseite werden diese auf Grundlage des Art. 6 Abs. 1 S. 1 lit. f DSGVO durchgef\u00fchrt. Mit den zum Einsatz kommenden Tracking-Tools wollen wir eine bedarfsgerechte Gestaltung und eine permanente Optimierung unserer Internetseite erreichen. Weiter setzen wir die Tracking-Tools ein, um die Nutzung unserer Internetseite statistisch zu erfassen und zur Optimierung unseres Angebotes f\u00fcr Sie auszuwerten. Diese Interessen sind als berechtigt im Sinne der vorgenannten Vorschrift zu werten. Die jeweiligen Datenverarbeitungszwecke und Datenkategorien sind aus den einzelnen Tracking-Tools zu entnehmen, worauf wir nachfolgend gesondert hinweisen und informieren.<br \/>\nLetztlich k\u00f6nnten Verarbeitungsvorg\u00e4nge auf Art. 6 I lit. f DSGVO beruhen. Auf dieser Rechtsgrundlage basieren Verarbeitungsvorg\u00e4nge, die von keiner der vorgenannten Rechtsgrundlagen erfasst werden, wenn die Verarbeitung zur Wahrung eines berechtigten Interesses unseres Unternehmens oder eines Dritten erforderlich ist, sofern diese Interessen, Ihre Grundrechte und Grundfreiheiten nicht \u00fcberwiegen. Solche Verarbeitungsvorg\u00e4nge sind uns insbesondere deshalb gestattet, weil sie durch den Europ\u00e4ischen Gesetzgeber besonders erw\u00e4hnt wurden. Er vertrat insoweit die Auffassung, dass ein berechtigtes Interesse anzunehmen sein k\u00f6nnte, wenn die betroffene Person ein Kunde des Verantwortlichen ist (vgl. hierzu Erw\u00e4gungsgrund 47 S. 2 DSGVO).<\/p>\n<h3>10. Dauer der Datenspeicherung<\/h3>\n<p>Das Kriterium f\u00fcr die Dauer der Speicherung von personenbezogenen Daten ist die jeweils gesetzlich vorgeschriebene Aufbewahrungsfrist. Nach Ablauf dieser Frist werden die personenbezogenen Daten routinem\u00e4\u00dfig gel\u00f6scht, sofern sie nicht mehr zur Vertragserf\u00fcllung oder Vertragsanbahnung erforderlich sind.<\/p>\n<h3>11. Beschwerderecht bei der Aufsichtsbeh\u00f6rde:<\/h3>\n<p>Sie haben gem\u00e4\u00df Art. 77 DS-GVO das Recht, sich bei der Aufsichtsbeh\u00f6rde zu beschweren, wenn Sie der Ansicht sind, dass die Verarbeitung Ihrer personenbezogenen Daten nicht rechtm\u00e4\u00dfig erfolgt. Die Anschrift der f\u00fcr unser Unternehmen zust\u00e4ndigen Aufsichtsbeh\u00f6rde lautet:<br \/>\nBayerisches Landesamt f\u00fcr Datenschutzaufsicht (BayLDA)<br \/>\nPromenade 18<br \/>\n91522 Ansbach<\/p>\n<h3>12. Datenschutzhinweise f\u00fcr Bewerberinnen und Bewerber<\/h3>\n<p>Wir freuen uns, dass Sie sich f\u00fcr uns interessieren und sich f\u00fcr eine Stelle in unserem Unternehmen bewerben oder beworben haben. Wir m\u00f6chten Ihnen nachfolgend gerne Informationen zur Verarbeitung Ihrer personenbezogenen Daten im Zusammenhang mit der Bewerbung erteilen.<\/p>\n<p>Wir verarbeiten die Daten, die Sie uns im Zusammenhang mit Ihrer Bewerbung zugesendet haben, um Ihre Eignung f\u00fcr die Stelle (oder ggf. andere offene Positionen in unseren Unternehmen) zu pr\u00fcfen und das Bewerbungsverfahren durchzuf\u00fchren.<\/p>\n<p>Rechtsgrundlage f\u00fcr die Verarbeitung Ihrer personenbezogenen Daten in diesem Bewerbungsverfahren ist prim\u00e4r \u00a7 26 BDSG in der ab dem 25.05.2018 geltenden Fassung. Danach ist die Verarbeitung der Daten zul\u00e4ssig, die im Zusammenhang mit der Entscheidung \u00fcber die Begr\u00fcndung eines Besch\u00e4ftigungsverh\u00e4ltnisses erforderlich sind.<\/p>\n<p>Sollten die Daten nach Abschluss des Bewerbungsverfahrens ggf. zur Rechtsverfolgung erforderlich sein, kann eine Datenverarbeitung auf Basis der Voraussetzungen von Art. 6 DSGVO, insbesondere zur Wahrnehmung von berechtigten Interessen nach Art. 6 Abs. 1 lit. f) DSGVO erfolgen. Unser Interesse besteht dann in der Geltendmachung oder Abwehr von Anspr\u00fcchen.<\/p>\n<p>Daten von Bewerberinnen und Bewerbern werden im Falle einer Absage nach 6 Monaten gel\u00f6scht.<\/p>\n<p>Ihre Bewerberdaten werden nach Eingang Ihrer Bewerbung von der Personalabteilung gesichtet. Geeignete Bewerbungen werden dann intern an die Abteilungsverantwortlichen f\u00fcr die jeweils offene Position weitergeleitet. Dann wird der weitere Ablauf abgestimmt. Im Unternehmen haben grunds\u00e4tzlich nur die Personen Zugriff auf Ihre Daten, die dies f\u00fcr den ordnungsgem\u00e4\u00dfen Ablauf unseres Bewerbungsverfahrens ben\u00f6tigen.<br \/>\nBei einer Bewerbung via Whatsapp speichern wir keine kombinierten Kontaktdaten (wie z.B. Name und Telefonnummer).<br \/>\nSie haben somit einer Verarbeitung Ihrer Daten, z.b. durch Whatsapp, Ihre Einwilligung erteilt.<\/p>\n<p>Sie haben das Recht auf Auskunft \u00fcber die von uns zu Ihrer Person verarbeiteten personenbezogenen Daten.<\/p>\n<p>Bei einer Auskunftsanfrage, die nicht schriftlich erfolgt, bitten wir um Verst\u00e4ndnis daf\u00fcr, dass wir dann ggf. Nachweise von Ihnen verlangen, die belegen, dass Sie die Person sind, f\u00fcr die Sie sich ausgeben. Ferner haben Sie ein Recht auf Berichtigung oder L\u00f6schung oder auf Einschr\u00e4nkung der Verarbeitung, soweit Ihnen dies gesetzlich zusteht. Ferner haben Sie ein Widerspruchsrecht gegen die Verarbeitung im Rahmen der gesetzlichen Vorgaben. Gleiches gilt f\u00fcr ein Recht auf Daten\u00fcbertragbarkeit.<\/p>\n<h3>13. Online Payments &amp; Social Links<\/h3>\n<p>\u00dcber unsere Webseite erreichen Sie Dienste, wie z.B.\u00a0<a href=\"https:\/\/privacycenter.instagram.com\/policy\/?entry_point=ig_help_center_data_policy_redirect\" target=\"_blank\" rel=\"noopener\">Instagram<\/a>, <a href=\"https:\/\/de.linkedin.com\/legal\/privacy-policy\" target=\"_blank\" rel=\"noopener\">LinkedIn<\/a>,\u00a0<a href=\"https:\/\/www.mollie.com\/de\/privacy\" target=\"_blank\" rel=\"noopener\">Mollie<\/a>,\u00a0<a href=\"https:\/\/www.paypal.com\/de\/webapps\/mpp\/ua\/privacy-full\" target=\"_blank\" rel=\"noopener\">Paypal<\/a>, <a href=\"https:\/\/www.whatsapp.com\/privacy\">Whatsapp<\/a><br \/>\nBitte beachten Sie bei Nutzung der Links zu diesen Diensten deren ausf\u00fchrliche Informationen<br \/>\nin den Datenschutzerkl\u00e4rungen der Plattformbetreiber. Hier finden Sie ebenfalls die jeweiligen Widerspruchsm\u00f6glichkeiten, Informationen zu den Auskunftsrechten.<\/p>\n<h3>14. \u00c4nderungen dieser Datenschutzerkl\u00e4rung<\/h3>\n<p>Aufgrund aktueller Gegebenheiten, wie bspw. \u00c4nderungen der einschl\u00e4gigen datenschutzrechtlichen Bestimmungen oder Rechtsprechung, werden wir &#8211; soweit notwendig -, unsere Datenschutzerkl\u00e4rung aktualisieren.<\/p>\n<h3>15. S\/MIME CA-Root Zertifikat<\/h3>\n<p>Nutzen Sie unser <a href=\"https:\/\/goldbach-financial.com\/wp-content\/uploads\/CARoot_GoldbachFinancial.zip\">CARoot_GoldbachFinancial<\/a> um unsere Mail-Signaturen zu \u00fcberpr\u00fcfen.<\/p>\n<p>&nbsp;<\/p>\n<p><strong>Stand der Erkl\u00e4rung: Mai 2023<\/strong><\/p>\n","protected":false},"excerpt":{"rendered":"<p>Datenschutz hat f\u00fcr uns einen hohen Stellenwert. Die Verarbeitung personenbezogener Daten, bspw. des Namens, der Anschrift, E-Mail-Adresse oder Telefonnummer, erfolgt stets im Einklang mit den gesetzlichen Vorgaben der Datenschutzgrundverordnung und in \u00dcbereinstimmung mit den f\u00fcr uns geltenden gesetzlichen, landesspezifischen Datenschutzbestimmungen. Mittels dieser Datenschutzerkl\u00e4rung informieren wir \u00fcber Art, Umfang und Zweck der von uns erhobenen, genutzten [&hellip;]<\/p>\n","protected":false},"author":3,"featured_media":0,"parent":0,"menu_order":20,"comment_status":"closed","ping_status":"closed","template":"template-no-header.php","meta":{"footnotes":""},"class_list":["post-416","page","type-page","status-publish","hentry"],"_links":{"self":[{"href":"https:\/\/goldbach-financial.com\/en\/wp-json\/wp\/v2\/pages\/416","targetHints":{"allow":["GET"]}}],"collection":[{"href":"https:\/\/goldbach-financial.com\/en\/wp-json\/wp\/v2\/pages"}],"about":[{"href":"https:\/\/goldbach-financial.com\/en\/wp-json\/wp\/v2\/types\/page"}],"author":[{"embeddable":true,"href":"https:\/\/goldbach-financial.com\/en\/wp-json\/wp\/v2\/users\/3"}],"replies":[{"embeddable":true,"href":"https:\/\/goldbach-financial.com\/en\/wp-json\/wp\/v2\/comments?post=416"}],"version-history":[{"count":6,"href":"https:\/\/goldbach-financial.com\/en\/wp-json\/wp\/v2\/pages\/416\/revisions"}],"predecessor-version":[{"id":1167,"href":"https:\/\/goldbach-financial.com\/en\/wp-json\/wp\/v2\/pages\/416\/revisions\/1167"}],"wp:attachment":[{"href":"https:\/\/goldbach-financial.com\/en\/wp-json\/wp\/v2\/media?parent=416"}],"curies":[{"name":"wp","href":"https:\/\/api.w.org\/{rel}","templated":true}]}}